{"id":210,"date":"2016-05-25T21:02:41","date_gmt":"2016-05-25T19:02:41","guid":{"rendered":"http:\/\/diecezja.bielsko.pl\/dla-rodziny\/?page_id=210"},"modified":"2026-01-27T10:14:16","modified_gmt":"2026-01-27T09:14:16","slug":"przygotowanie-do-sakramentu-malzenstwa","status":"publish","type":"page","link":"https:\/\/diecezja.bielsko.pl\/dla-rodziny\/przygotowanie-do-sakramentu-malzenstwa\/","title":{"rendered":"Przygotowanie do sakramentu ma\u0142\u017ce\u0144stwa"},"content":{"rendered":"<p><strong>W celu odbycia nauk przed\u015blubnych i spotka\u0144 w poradni rodzinnej wszyscy narzeczeni musz\u0105 zg\u0142osi\u0107 si\u0119 przez formularz zg\u0142oszeniowy, kt\u00f3ry wraz z informacjami szczeg\u00f3\u0142owymi o przygotowaniu do zawarcia sakramentu ma\u0142\u017ce\u0144stwa znajduje si\u0119 na stronie <a href=\"https:\/\/nauki.rodzina.bielsko.pl\">nauki.rodzina.bielsko.pl<\/a><\/strong><\/p>\n<p><strong>PRZYGOTOWANIE DO SAKRAMENTU MA\u0141\u017bE\u0143STWA<\/strong><\/p>\n<p><strong>Dokonuje si\u0119 w nast\u0119puj\u0105cych etapach:<\/strong><\/p>\n<hr \/>\n<p><span style=\"color: #333333;\" data-7ae60743-66c9-4871-94c9-cc39d1983727-29=\"true\">przygotowanie dalsze, ma miejsce w dzieci\u0144stwie, dokonuje si\u0119 szczeg\u00f3lnie przez do\u015bwiadczenie w\u0142asnego \u017cycia rodzinnego;<br data-7ae60743-66c9-4871-94c9-cc39d1983727-31=\"true\" \/>przygotowanie bli\u017csze, obejmuje m\u0142odzie\u017c, s\u0142u\u017cy rozeznaniu w\u0142asnego powo\u0142ania<br data-7ae60743-66c9-4871-94c9-cc39d1983727-34=\"true\" \/>przygotowanie bezpo\u015brednie rozpoczyna si\u0119 oko\u0142o sze\u015b\u0107 miesi\u0119cy przed \u015blubem ko\u015bcielnym (mo\u017ce by\u0107 po\u0142\u0105czone z zawarciem zar\u0119czyn).<\/span><\/p>\n<p><strong>Zar\u0119czyny<\/strong><\/p>\n<hr \/>\n<p>Najbli\u017csze rodziny (tj. rodzice, rodze\u0144stwo i dziadkowie), spotykaj\u0105 si\u0119 na skromnej uroczysto\u015bci rodzinnej. Rodzice (a w ich braku osoby z najbli\u017cszej rodziny) s\u0105 upowa\u017cnieni przez biskupa diecezjalnego do pob\u0142ogos\u0142awienia pier\u015bcionk\u00f3w zar\u0119czynowych, kt\u00f3re nast\u0119pnie wymieniaj\u0105 sobie oblubie\u0144cy, o\u015bwiadczaj\u0105c, \u017ce odt\u0105d b\u0119d\u0105 si\u0119 uwa\u017ca\u0107 za narzeczonych i zamierzaj\u0105 si\u0119 pobra\u0107 w ustalonym czasie, je\u017celi przez wzajemne poznanie si\u0119, zgodnie dojd\u0105 do przekonania, \u017ce potrafi\u0105 stworzy\u0107 dobrane i zgodne ma\u0142\u017ce\u0144stwo.<\/p>\n<p>(por. nr 32 Instrukcji Episkopatu Polski o przygotowaniu<br \/>\ndo zawarcia sakramentu ma\u0142\u017ce\u0144stwa w Ko\u015bciele Katolickim)<\/p>\n<p><strong>Przygotowanie bezpo\u015brednie do sakramentu ma\u0142\u017ce\u0144stwa obejmuje:<\/strong><\/p>\n<hr \/>\n<p>spisanie protoko\u0142u przed\u015blubnego<br \/>\nnauki przed\u015blubne,<br \/>\n3 spotkania w katolickiej poradni rodzinnej<br \/>\nspotkanie z duszpasterzem,<br \/>\ndwie spowiedzi przed\u015blubne.<\/p>\n","protected":false},"excerpt":{"rendered":"<p>W celu odbycia nauk przed\u015blubnych i spotka\u0144 w poradni rodzinnej wszyscy narzeczeni musz\u0105 zg\u0142osi\u0107 si\u0119 przez formularz zg\u0142oszeniowy, kt\u00f3ry wraz z informacjami szczeg\u00f3\u0142owymi o przygotowaniu do zawarcia sakramentu ma\u0142\u017ce\u0144stwa znajduje si\u0119 na stronie nauki.rodzina.bielsko.pl PRZYGOTOWANIE DO SAKRAMENTU MA\u0141\u017bE\u0143STWA Dokonuje si\u0119 w nast\u0119puj\u0105cych etapach: przygotowanie dalsze, ma miejsce w dzieci\u0144stwie, dokonuje [&hellip;]<\/p>\n","protected":false},"author":2,"featured_media":0,"parent":0,"menu_order":0,"comment_status":"closed","ping_status":"closed","template":"","meta":{"footnotes":""},"class_list":["post-210","page","type-page","status-publish","hentry"],"_links":{"self":[{"href":"https:\/\/diecezja.bielsko.pl\/dla-rodziny\/wp-json\/wp\/v2\/pages\/210","targetHints":{"allow":["GET"]}}],"collection":[{"href":"https:\/\/diecezja.bielsko.pl\/dla-rodziny\/wp-json\/wp\/v2\/pages"}],"about":[{"href":"https:\/\/diecezja.bielsko.pl\/dla-rodziny\/wp-json\/wp\/v2\/types\/page"}],"author":[{"embeddable":true,"href":"https:\/\/diecezja.bielsko.pl\/dla-rodziny\/wp-json\/wp\/v2\/users\/2"}],"replies":[{"embeddable":true,"href":"https:\/\/diecezja.bielsko.pl\/dla-rodziny\/wp-json\/wp\/v2\/comments?post=210"}],"version-history":[{"count":0,"href":"https:\/\/diecezja.bielsko.pl\/dla-rodziny\/wp-json\/wp\/v2\/pages\/210\/revisions"}],"wp:attachment":[{"href":"https:\/\/diecezja.bielsko.pl\/dla-rodziny\/wp-json\/wp\/v2\/media?parent=210"}],"curies":[{"name":"wp","href":"https:\/\/api.w.org\/{rel}","templated":true}]}}