{"id":257,"date":"2016-05-31T17:55:40","date_gmt":"2016-05-31T15:55:40","guid":{"rendered":"http:\/\/diecezja.bielsko.pl\/dla-rodziny\/?page_id=257"},"modified":"2020-09-02T09:35:18","modified_gmt":"2020-09-02T07:35:18","slug":"parafialne-poradnie-rodzinne","status":"publish","type":"page","link":"https:\/\/diecezja.bielsko.pl\/dla-rodziny\/parafialne-poradnie-rodzinne\/","title":{"rendered":"Parafialne Poradnie Rodzinne"},"content":{"rendered":"<p>Parafialne Katolickie Poradnie \u017bycia Rodzinnego s\u0142u\u017c\u0105 pomoc\u0105 wszystkim ma\u0142\u017ce\u0144stwom i rodzinom, szczeg\u00f3lnie tym, kt\u00f3rzy prze\u017cywaj\u0105 trudno\u015bci i do\u015bwiadczaj\u0105 kryzys\u00f3w, a tak\u017ce chc\u0105cych pog\u0142\u0119bi\u0107 wiedz\u0119 nt. komunikacji czy p\u0142odno\u015bci. S\u0105 r\u00f3wnie\u017c miejscem spotka\u0144 z narzeczonymi jako uzupe\u0142nienie nauk przed\u015blubnych.<\/p>\n<p>Aktualny spis parafialnych poradni znajduje si\u0119 na stronie: <a href=\"https:\/\/nauki.rodzina.bielsko.pl\/index.php\/poradnie\">https:\/\/nauki.rodzina.bielsko.pl\/index.php\/poradnie<\/a><\/p>\n<p>W razie pyta\u0144, czy ch\u0119ci um\u00f3wienia si\u0119 na spotkanie z psychologiem prosimy o kontakt z Wydzia\u0142em Duszpasterstwa Rodzin od poniedzia\u0142ku do pi\u0105tku w godz. od 9.00 do 13.00 pod nr tel. 734 176 645<\/p>\n","protected":false},"excerpt":{"rendered":"<p>Parafialne Katolickie Poradnie \u017bycia Rodzinnego s\u0142u\u017c\u0105 pomoc\u0105 wszystkim ma\u0142\u017ce\u0144stwom i rodzinom, szczeg\u00f3lnie tym, kt\u00f3rzy prze\u017cywaj\u0105 trudno\u015bci i do\u015bwiadczaj\u0105 kryzys\u00f3w, a tak\u017ce chc\u0105cych pog\u0142\u0119bi\u0107 wiedz\u0119 nt. komunikacji czy p\u0142odno\u015bci. S\u0105 r\u00f3wnie\u017c miejscem spotka\u0144 z narzeczonymi jako uzupe\u0142nienie nauk przed\u015blubnych. Aktualny spis parafialnych poradni znajduje si\u0119 na stronie: https:\/\/nauki.rodzina.bielsko.pl\/index.php\/poradnie W razie pyta\u0144, [&hellip;]<\/p>\n","protected":false},"author":2,"featured_media":0,"parent":0,"menu_order":0,"comment_status":"closed","ping_status":"closed","template":"","meta":{"footnotes":""},"class_list":["post-257","page","type-page","status-publish","hentry"],"_links":{"self":[{"href":"https:\/\/diecezja.bielsko.pl\/dla-rodziny\/wp-json\/wp\/v2\/pages\/257","targetHints":{"allow":["GET"]}}],"collection":[{"href":"https:\/\/diecezja.bielsko.pl\/dla-rodziny\/wp-json\/wp\/v2\/pages"}],"about":[{"href":"https:\/\/diecezja.bielsko.pl\/dla-rodziny\/wp-json\/wp\/v2\/types\/page"}],"author":[{"embeddable":true,"href":"https:\/\/diecezja.bielsko.pl\/dla-rodziny\/wp-json\/wp\/v2\/users\/2"}],"replies":[{"embeddable":true,"href":"https:\/\/diecezja.bielsko.pl\/dla-rodziny\/wp-json\/wp\/v2\/comments?post=257"}],"version-history":[{"count":0,"href":"https:\/\/diecezja.bielsko.pl\/dla-rodziny\/wp-json\/wp\/v2\/pages\/257\/revisions"}],"wp:attachment":[{"href":"https:\/\/diecezja.bielsko.pl\/dla-rodziny\/wp-json\/wp\/v2\/media?parent=257"}],"curies":[{"name":"wp","href":"https:\/\/api.w.org\/{rel}","templated":true}]}}